{"id":88,"date":"2024-08-23T09:54:53","date_gmt":"2024-08-23T09:54:53","guid":{"rendered":"https:\/\/hippotechnology.net\/?page_id=88"},"modified":"2024-08-23T12:05:11","modified_gmt":"2024-08-23T12:05:11","slug":"longines-timing","status":"publish","type":"page","link":"https:\/\/hippotechnology.net\/index.php\/longines-timing\/","title":{"rendered":"Longines Timing &#8211; Technology Partner"},"content":{"rendered":"<p><a href=\"https:\/\/www.longinestiming.com\/\"><img loading=\"lazy\" decoding=\"async\" class=\"wp-image-92 alignleft\" src=\"https:\/\/hippotechnology.net\/wp-content\/uploads\/2024\/08\/Longines_Official_Timekeeper_Blue-1-300x109.jpeg\" alt=\"\" width=\"330\" height=\"119\" srcset=\"https:\/\/hippotechnology.net\/wp-content\/uploads\/2024\/08\/Longines_Official_Timekeeper_Blue-1-300x109.jpeg 300w, https:\/\/hippotechnology.net\/wp-content\/uploads\/2024\/08\/Longines_Official_Timekeeper_Blue-1.jpeg 550w\" sizes=\"auto, (max-width: 330px) 100vw, 330px\" \/><\/a><\/p>\n<p><a href=\"https:\/\/www.longinestiming.com\/\"><strong>Longines Timing<\/strong><\/a>,<span style=\"color: #000000;\"> ist ein Produkt von<\/span> <a href=\"https:\/\/www.longines.com\/\">LONGINES<\/a>, <span style=\"color: #000000;\">einer Marke der Schweizer<\/span> <a href=\"https:\/\/www.swatchgroup.com\/\">Swatch Group<\/a> <span style=\"color: #000000;\">und der Anbieter und Partner f\u00fcr Auswertung- und Visualisierung im Spitzenreitsport weltweit.<\/span><\/p>\n<p><span style=\"color: #000000;\">Die Sportzeitmessung, Anzeige von Ergebnissen auf lokalen Videow\u00e4nden, Ergebnisaufbereitung im Internet und Grafik im weltweiten TV sind unter anderem die Kernaufgaben von Longines Timing auf den Reisportveranstaltungen.<\/span><\/p>\n<p><span style=\"color: #000000;\"><img loading=\"lazy\" decoding=\"async\" class=\"alignleft wp-image-99\" src=\"https:\/\/hippotechnology.net\/wp-content\/uploads\/2024\/08\/LLN_AbuDhabi2024-300x129.png\" alt=\"\" width=\"330\" height=\"142\" srcset=\"https:\/\/hippotechnology.net\/wp-content\/uploads\/2024\/08\/LLN_AbuDhabi2024-300x129.png 300w, https:\/\/hippotechnology.net\/wp-content\/uploads\/2024\/08\/LLN_AbuDhabi2024-1024x441.png 1024w, https:\/\/hippotechnology.net\/wp-content\/uploads\/2024\/08\/LLN_AbuDhabi2024-768x331.png 768w, https:\/\/hippotechnology.net\/wp-content\/uploads\/2024\/08\/LLN_AbuDhabi2024-1536x662.png 1536w, https:\/\/hippotechnology.net\/wp-content\/uploads\/2024\/08\/LLN_AbuDhabi2024.png 1599w\" sizes=\"auto, (max-width: 330px) 100vw, 330px\" \/><\/span><\/p>\n<p><span style=\"color: #000000;\">hippo technology GmbH ist stolz, sich bereits seit 2010 zu den Technologypartnern der Longines Timing zu z\u00e4hlen. Mit unseren Produkten in der Ergebnisdarstellung im Internet transportieren wir die Fakten der Events direkt zu den Zuschauern, egal wo sich diese gerade befinden.<\/span><\/p>\n<p><span style=\"color: #000000;\">Longines\u2018 langj\u00e4hriges Engagement in der Sportzeitmessung begann 1878 mit dem ersten von der Marke hergestellten Chronographen. Aufbauend auf seinem hauseigenen Know-how hat Longines nach und nach eine besondere Beziehung zur Welt des Sports aufgebaut. Das Unternehmen kann mittlerweile auf langj\u00e4hrige Erfahrung als offizieller Zeitnehmer von Weltmeisterschaften und als Partner internationaler Sportverb\u00e4nde zur\u00fcckblicken.<\/span><\/p>\n<p>&nbsp;<\/p>\n<p><img loading=\"lazy\" decoding=\"async\" class=\"alignleft wp-image-103\" src=\"https:\/\/hippotechnology.net\/wp-content\/uploads\/2024\/08\/WEG2022-300x200.jpg\" alt=\"\" width=\"330\" height=\"220\" srcset=\"https:\/\/hippotechnology.net\/wp-content\/uploads\/2024\/08\/WEG2022-300x200.jpg 300w, https:\/\/hippotechnology.net\/wp-content\/uploads\/2024\/08\/WEG2022-1024x681.jpg 1024w, https:\/\/hippotechnology.net\/wp-content\/uploads\/2024\/08\/WEG2022-768x511.jpg 768w, https:\/\/hippotechnology.net\/wp-content\/uploads\/2024\/08\/WEG2022.jpg 1398w\" sizes=\"auto, (max-width: 330px) 100vw, 330px\" \/><\/p>\n<p>&nbsp;<\/p>\n<p>&nbsp;<\/p>\n<p>&nbsp;<\/p>\n<p>&nbsp;<\/p>\n<p>&nbsp;<\/p>\n<p>&nbsp;<\/p>\n<p>&nbsp;<\/p>\n<p>&nbsp;<\/p>\n<p><img loading=\"lazy\" decoding=\"async\" class=\"alignnone wp-image-104\" src=\"https:\/\/hippotechnology.net\/wp-content\/uploads\/2024\/08\/snip-WCF2024-300x230.jpg\" alt=\"\" width=\"330\" height=\"253\" srcset=\"https:\/\/hippotechnology.net\/wp-content\/uploads\/2024\/08\/snip-WCF2024-300x230.jpg 300w, https:\/\/hippotechnology.net\/wp-content\/uploads\/2024\/08\/snip-WCF2024-768x590.jpg 768w, https:\/\/hippotechnology.net\/wp-content\/uploads\/2024\/08\/snip-WCF2024.jpg 796w\" sizes=\"auto, (max-width: 330px) 100vw, 330px\" \/><\/p>\n<p>&nbsp;<\/p>\n<p><img loading=\"lazy\" decoding=\"async\" class=\"alignnone wp-image-107\" src=\"https:\/\/hippotechnology.net\/wp-content\/uploads\/2024\/08\/infosystem-300x180.png\" alt=\"\" width=\"330\" height=\"198\" srcset=\"https:\/\/hippotechnology.net\/wp-content\/uploads\/2024\/08\/infosystem-300x180.png 300w, https:\/\/hippotechnology.net\/wp-content\/uploads\/2024\/08\/infosystem.png 372w\" sizes=\"auto, (max-width: 330px) 100vw, 330px\" \/><\/p>\n<p>&nbsp;<\/p>\n","protected":false},"excerpt":{"rendered":"<p>Longines Timing, ist ein Produkt von LONGINES, einer Marke der Schweizer Swatch Group und der Anbieter und Partner f\u00fcr Auswertung- und Visualisierung im Spitzenreitsport weltweit. Die Sportzeitmessung, Anzeige von Ergebnissen &#8230;<\/p>\n","protected":false},"author":1,"featured_media":0,"parent":0,"menu_order":0,"comment_status":"closed","ping_status":"closed","template":"","meta":{"footnotes":""},"class_list":["post-88","page","type-page","status-publish","hentry"],"yoast_head":"<!-- This site is optimized with the Yoast SEO plugin v26.0 - https:\/\/yoast.com\/wordpress\/plugins\/seo\/ -->\n<title>Longines Timing - Technology Partner - hippo technology GmbH<\/title>\n<meta name=\"robots\" content=\"index, follow, max-snippet:-1, max-image-preview:large, max-video-preview:-1\" \/>\n<link rel=\"canonical\" href=\"https:\/\/hippotechnology.net\/index.php\/longines-timing\/\" \/>\n<meta property=\"og:locale\" content=\"de_DE\" \/>\n<meta property=\"og:type\" content=\"article\" \/>\n<meta property=\"og:title\" content=\"Longines Timing - Technology Partner - hippo technology GmbH\" \/>\n<meta property=\"og:description\" content=\"Longines Timing, ist ein Produkt von LONGINES, einer Marke der Schweizer Swatch Group und der Anbieter und Partner f\u00fcr Auswertung- und Visualisierung im Spitzenreitsport weltweit. Die Sportzeitmessung, Anzeige von Ergebnissen ...\" \/>\n<meta property=\"og:url\" content=\"https:\/\/hippotechnology.net\/index.php\/longines-timing\/\" \/>\n<meta property=\"og:site_name\" content=\"hippo technology GmbH\" \/>\n<meta property=\"article:modified_time\" content=\"2024-08-23T12:05:11+00:00\" \/>\n<meta property=\"og:image\" content=\"https:\/\/hippotechnology.net\/wp-content\/uploads\/2024\/08\/Longines_Official_Timekeeper_Blue-1-300x109.jpeg\" \/>\n<meta name=\"twitter:card\" content=\"summary_large_image\" \/>\n<meta name=\"twitter:label1\" content=\"Gesch\u00e4tzte Lesezeit\" \/>\n\t<meta name=\"twitter:data1\" content=\"2\u00a0Minuten\" \/>\n<script type=\"application\/ld+json\" class=\"yoast-schema-graph\">{\"@context\":\"https:\/\/schema.org\",\"@graph\":[{\"@type\":\"WebPage\",\"@id\":\"https:\/\/hippotechnology.net\/index.php\/longines-timing\/\",\"url\":\"https:\/\/hippotechnology.net\/index.php\/longines-timing\/\",\"name\":\"Longines Timing - Technology Partner - hippo technology GmbH\",\"isPartOf\":{\"@id\":\"https:\/\/hippotechnology.net\/#website\"},\"primaryImageOfPage\":{\"@id\":\"https:\/\/hippotechnology.net\/index.php\/longines-timing\/#primaryimage\"},\"image\":{\"@id\":\"https:\/\/hippotechnology.net\/index.php\/longines-timing\/#primaryimage\"},\"thumbnailUrl\":\"https:\/\/hippotechnology.net\/wp-content\/uploads\/2024\/08\/Longines_Official_Timekeeper_Blue-1-300x109.jpeg\",\"datePublished\":\"2024-08-23T09:54:53+00:00\",\"dateModified\":\"2024-08-23T12:05:11+00:00\",\"breadcrumb\":{\"@id\":\"https:\/\/hippotechnology.net\/index.php\/longines-timing\/#breadcrumb\"},\"inLanguage\":\"de\",\"potentialAction\":[{\"@type\":\"ReadAction\",\"target\":[\"https:\/\/hippotechnology.net\/index.php\/longines-timing\/\"]}]},{\"@type\":\"ImageObject\",\"inLanguage\":\"de\",\"@id\":\"https:\/\/hippotechnology.net\/index.php\/longines-timing\/#primaryimage\",\"url\":\"https:\/\/hippotechnology.net\/wp-content\/uploads\/2024\/08\/Longines_Official_Timekeeper_Blue-1.jpeg\",\"contentUrl\":\"https:\/\/hippotechnology.net\/wp-content\/uploads\/2024\/08\/Longines_Official_Timekeeper_Blue-1.jpeg\",\"width\":550,\"height\":199},{\"@type\":\"BreadcrumbList\",\"@id\":\"https:\/\/hippotechnology.net\/index.php\/longines-timing\/#breadcrumb\",\"itemListElement\":[{\"@type\":\"ListItem\",\"position\":1,\"name\":\"Home\",\"item\":\"https:\/\/hippotechnology.net\/\"},{\"@type\":\"ListItem\",\"position\":2,\"name\":\"Longines Timing &#8211; Technology Partner\"}]},{\"@type\":\"WebSite\",\"@id\":\"https:\/\/hippotechnology.net\/#website\",\"url\":\"https:\/\/hippotechnology.net\/\",\"name\":\"hippo technology GmbH\",\"description\":\"\",\"publisher\":{\"@id\":\"https:\/\/hippotechnology.net\/#organization\"},\"potentialAction\":[{\"@type\":\"SearchAction\",\"target\":{\"@type\":\"EntryPoint\",\"urlTemplate\":\"https:\/\/hippotechnology.net\/?s={search_term_string}\"},\"query-input\":{\"@type\":\"PropertyValueSpecification\",\"valueRequired\":true,\"valueName\":\"search_term_string\"}}],\"inLanguage\":\"de\"},{\"@type\":\"Organization\",\"@id\":\"https:\/\/hippotechnology.net\/#organization\",\"name\":\"hippo technology GmbH\",\"url\":\"https:\/\/hippotechnology.net\/\",\"logo\":{\"@type\":\"ImageObject\",\"inLanguage\":\"de\",\"@id\":\"https:\/\/hippotechnology.net\/#\/schema\/logo\/image\/\",\"url\":\"https:\/\/hippotechnology.net\/wp-content\/uploads\/2020\/11\/cropped-hippodata_technology_02_RGB_BG_WHITE-1.png\",\"contentUrl\":\"https:\/\/hippotechnology.net\/wp-content\/uploads\/2020\/11\/cropped-hippodata_technology_02_RGB_BG_WHITE-1.png\",\"width\":613,\"height\":230,\"caption\":\"hippo technology GmbH\"},\"image\":{\"@id\":\"https:\/\/hippotechnology.net\/#\/schema\/logo\/image\/\"}}]}<\/script>\n<!-- \/ Yoast SEO plugin. -->","yoast_head_json":{"title":"Longines Timing - Technology Partner - hippo technology GmbH","robots":{"index":"index","follow":"follow","max-snippet":"max-snippet:-1","max-image-preview":"max-image-preview:large","max-video-preview":"max-video-preview:-1"},"canonical":"https:\/\/hippotechnology.net\/index.php\/longines-timing\/","og_locale":"de_DE","og_type":"article","og_title":"Longines Timing - Technology Partner - hippo technology GmbH","og_description":"Longines Timing, ist ein Produkt von LONGINES, einer Marke der Schweizer Swatch Group und der Anbieter und Partner f\u00fcr Auswertung- und Visualisierung im Spitzenreitsport weltweit. Die Sportzeitmessung, Anzeige von Ergebnissen ...","og_url":"https:\/\/hippotechnology.net\/index.php\/longines-timing\/","og_site_name":"hippo technology GmbH","article_modified_time":"2024-08-23T12:05:11+00:00","og_image":[{"url":"https:\/\/hippotechnology.net\/wp-content\/uploads\/2024\/08\/Longines_Official_Timekeeper_Blue-1-300x109.jpeg","type":"","width":"","height":""}],"twitter_card":"summary_large_image","twitter_misc":{"Gesch\u00e4tzte Lesezeit":"2\u00a0Minuten"},"schema":{"@context":"https:\/\/schema.org","@graph":[{"@type":"WebPage","@id":"https:\/\/hippotechnology.net\/index.php\/longines-timing\/","url":"https:\/\/hippotechnology.net\/index.php\/longines-timing\/","name":"Longines Timing - Technology Partner - hippo technology GmbH","isPartOf":{"@id":"https:\/\/hippotechnology.net\/#website"},"primaryImageOfPage":{"@id":"https:\/\/hippotechnology.net\/index.php\/longines-timing\/#primaryimage"},"image":{"@id":"https:\/\/hippotechnology.net\/index.php\/longines-timing\/#primaryimage"},"thumbnailUrl":"https:\/\/hippotechnology.net\/wp-content\/uploads\/2024\/08\/Longines_Official_Timekeeper_Blue-1-300x109.jpeg","datePublished":"2024-08-23T09:54:53+00:00","dateModified":"2024-08-23T12:05:11+00:00","breadcrumb":{"@id":"https:\/\/hippotechnology.net\/index.php\/longines-timing\/#breadcrumb"},"inLanguage":"de","potentialAction":[{"@type":"ReadAction","target":["https:\/\/hippotechnology.net\/index.php\/longines-timing\/"]}]},{"@type":"ImageObject","inLanguage":"de","@id":"https:\/\/hippotechnology.net\/index.php\/longines-timing\/#primaryimage","url":"https:\/\/hippotechnology.net\/wp-content\/uploads\/2024\/08\/Longines_Official_Timekeeper_Blue-1.jpeg","contentUrl":"https:\/\/hippotechnology.net\/wp-content\/uploads\/2024\/08\/Longines_Official_Timekeeper_Blue-1.jpeg","width":550,"height":199},{"@type":"BreadcrumbList","@id":"https:\/\/hippotechnology.net\/index.php\/longines-timing\/#breadcrumb","itemListElement":[{"@type":"ListItem","position":1,"name":"Home","item":"https:\/\/hippotechnology.net\/"},{"@type":"ListItem","position":2,"name":"Longines Timing &#8211; Technology Partner"}]},{"@type":"WebSite","@id":"https:\/\/hippotechnology.net\/#website","url":"https:\/\/hippotechnology.net\/","name":"hippo technology GmbH","description":"","publisher":{"@id":"https:\/\/hippotechnology.net\/#organization"},"potentialAction":[{"@type":"SearchAction","target":{"@type":"EntryPoint","urlTemplate":"https:\/\/hippotechnology.net\/?s={search_term_string}"},"query-input":{"@type":"PropertyValueSpecification","valueRequired":true,"valueName":"search_term_string"}}],"inLanguage":"de"},{"@type":"Organization","@id":"https:\/\/hippotechnology.net\/#organization","name":"hippo technology GmbH","url":"https:\/\/hippotechnology.net\/","logo":{"@type":"ImageObject","inLanguage":"de","@id":"https:\/\/hippotechnology.net\/#\/schema\/logo\/image\/","url":"https:\/\/hippotechnology.net\/wp-content\/uploads\/2020\/11\/cropped-hippodata_technology_02_RGB_BG_WHITE-1.png","contentUrl":"https:\/\/hippotechnology.net\/wp-content\/uploads\/2020\/11\/cropped-hippodata_technology_02_RGB_BG_WHITE-1.png","width":613,"height":230,"caption":"hippo technology GmbH"},"image":{"@id":"https:\/\/hippotechnology.net\/#\/schema\/logo\/image\/"}}]}},"_links":{"self":[{"href":"https:\/\/hippotechnology.net\/index.php\/wp-json\/wp\/v2\/pages\/88","targetHints":{"allow":["GET"]}}],"collection":[{"href":"https:\/\/hippotechnology.net\/index.php\/wp-json\/wp\/v2\/pages"}],"about":[{"href":"https:\/\/hippotechnology.net\/index.php\/wp-json\/wp\/v2\/types\/page"}],"author":[{"embeddable":true,"href":"https:\/\/hippotechnology.net\/index.php\/wp-json\/wp\/v2\/users\/1"}],"replies":[{"embeddable":true,"href":"https:\/\/hippotechnology.net\/index.php\/wp-json\/wp\/v2\/comments?post=88"}],"version-history":[{"count":12,"href":"https:\/\/hippotechnology.net\/index.php\/wp-json\/wp\/v2\/pages\/88\/revisions"}],"predecessor-version":[{"id":129,"href":"https:\/\/hippotechnology.net\/index.php\/wp-json\/wp\/v2\/pages\/88\/revisions\/129"}],"wp:attachment":[{"href":"https:\/\/hippotechnology.net\/index.php\/wp-json\/wp\/v2\/media?parent=88"}],"curies":[{"name":"wp","href":"https:\/\/api.w.org\/{rel}","templated":true}]}}