{"id":20,"date":"2020-11-24T18:52:46","date_gmt":"2020-11-24T18:52:46","guid":{"rendered":"https:\/\/hippotechnology.net\/?page_id=20"},"modified":"2025-10-31T06:58:05","modified_gmt":"2025-10-31T06:58:05","slug":"das-neue-museum-oeffnet-seine-tueren-2","status":"publish","type":"page","link":"https:\/\/hippotechnology.net\/","title":{"rendered":"home"},"content":{"rendered":"<p><span style=\"color: #000000;\">Die hippo technology GmbH entwickelt Hard- und Software f\u00fcr die Sportdatenauswertung.\u00a0<\/span><\/p>\n<p><span style=\"color: #000000;\">Die Neu- und Weiterentwicklung von IT-Systemen, Zeitmessanlagen und anderen Anlagen f\u00fcr Sportveranstaltungen sowie <\/span><span style=\"color: #000000;\">den dazugeh\u00f6rigen Bereichen ist unsere Passion.<\/span><\/p>\n<p><span style=\"color: #000000;\">Wir sind stolzer Technology-Parter der <a style=\"color: #000000;\" href=\"https:\/\/hippotechnology.net\/index.php\/longines-timing\/\">LONGINES Timing<\/a> seit 2010.<\/span><\/p>\n<p><span style=\"color: #000000;\">Ebenso k\u00fcmmern wir uns um die Logistik, regelm\u00e4\u00dfige Instandhaltung und Wartung von Anlagen und Ger\u00e4ten unbeachtet ob diese von uns entwickelt oder vom Drittherstellen geliefert worden sind.<\/span><\/p>\n<p><span style=\"color: #000000;\">Auch der Verkauf von Hard- und Software rund ums B\u00fcro- und Homeoffice, geh\u00f6ren ebenso zu unserer Kompetenz, wie auch die Entwicklung von Software-Produkten f\u00fcr Lagerhaltung,<\/span><br \/>\n<span style=\"color: #000000;\">Rechnungswesen, Belegverarbeitung und f\u00fcr die Auswertung, Verwaltung und Organisation von Sportveranstaltungen.<\/span><\/p>\n<p>&nbsp;<\/p>\n<p style=\"text-align: center;\"><strong><span style=\"color: #000000;\">Technology Partner<\/span><\/strong><\/p>\n<p><a href=\"https:\/\/www.longinestiming.com\/\"><img loading=\"lazy\" decoding=\"async\" class=\"wp-image-92 aligncenter\" src=\"https:\/\/hippotechnology.net\/wp-content\/uploads\/2024\/08\/Longines_Official_Timekeeper_Blue-1-300x109.jpeg\" alt=\"\" width=\"179\" height=\"65\" srcset=\"https:\/\/hippotechnology.net\/wp-content\/uploads\/2024\/08\/Longines_Official_Timekeeper_Blue-1-300x109.jpeg 300w, https:\/\/hippotechnology.net\/wp-content\/uploads\/2024\/08\/Longines_Official_Timekeeper_Blue-1.jpeg 550w\" sizes=\"auto, (max-width: 179px) 100vw, 179px\" \/><\/a><\/p>\n<p>&nbsp;<\/p>\n<p style=\"text-align: center;\"><strong><span style=\"color: #000000;\">hippo gruppe<\/span><\/strong><\/p>\n<p style=\"text-align: center;\"><img loading=\"lazy\" decoding=\"async\" class=\"wp-image-123 aligncenter\" src=\"https:\/\/hippotechnology.net\/wp-content\/uploads\/2024\/08\/hippodata_group_SEAL_WHITE_BG_RGB-300x300.png\" alt=\"\" width=\"93\" height=\"93\" srcset=\"https:\/\/hippotechnology.net\/wp-content\/uploads\/2024\/08\/hippodata_group_SEAL_WHITE_BG_RGB-300x300.png 300w, https:\/\/hippotechnology.net\/wp-content\/uploads\/2024\/08\/hippodata_group_SEAL_WHITE_BG_RGB-150x150.png 150w, https:\/\/hippotechnology.net\/wp-content\/uploads\/2024\/08\/hippodata_group_SEAL_WHITE_BG_RGB.png 374w\" sizes=\"auto, (max-width: 93px) 100vw, 93px\" \/> <img loading=\"lazy\" decoding=\"async\" class=\"alignnone wp-image-122\" src=\"https:\/\/hippotechnology.net\/wp-content\/uploads\/2024\/08\/hippodata_RGB_BG_TRANSPARENT_R-300x128.png\" alt=\"\" width=\"140\" height=\"60\" srcset=\"https:\/\/hippotechnology.net\/wp-content\/uploads\/2024\/08\/hippodata_RGB_BG_TRANSPARENT_R-300x128.png 300w, https:\/\/hippotechnology.net\/wp-content\/uploads\/2024\/08\/hippodata_RGB_BG_TRANSPARENT_R-1024x438.png 1024w, https:\/\/hippotechnology.net\/wp-content\/uploads\/2024\/08\/hippodata_RGB_BG_TRANSPARENT_R-768x328.png 768w, https:\/\/hippotechnology.net\/wp-content\/uploads\/2024\/08\/hippodata_RGB_BG_TRANSPARENT_R-1536x657.png 1536w, https:\/\/hippotechnology.net\/wp-content\/uploads\/2024\/08\/hippodata_RGB_BG_TRANSPARENT_R-2048x876.png 2048w\" sizes=\"auto, (max-width: 140px) 100vw, 140px\" \/>\u00a0 \u00a0 \u00a0\u00a0 \u00a0 \u00a0<img loading=\"lazy\" decoding=\"async\" class=\"alignnone wp-image-124 \" src=\"https:\/\/hippotechnology.net\/wp-content\/uploads\/2024\/08\/hippodata_US_RGB_BG_TRANSPARENT_R-e1724414564246-300x136.png\" alt=\"\" width=\"148\" height=\"67\" srcset=\"https:\/\/hippotechnology.net\/wp-content\/uploads\/2024\/08\/hippodata_US_RGB_BG_TRANSPARENT_R-e1724414564246-300x136.png 300w, https:\/\/hippotechnology.net\/wp-content\/uploads\/2024\/08\/hippodata_US_RGB_BG_TRANSPARENT_R-e1724414564246.png 612w\" sizes=\"auto, (max-width: 148px) 100vw, 148px\" \/>\u00a0 \u00a0\u00a0<img loading=\"lazy\" decoding=\"async\" class=\"alignnone wp-image-125\" src=\"https:\/\/hippotechnology.net\/wp-content\/uploads\/2024\/08\/hippodata_Spain_RGB_BG_WHITE-300x212.jpg\" alt=\"\" width=\"157\" height=\"111\" srcset=\"https:\/\/hippotechnology.net\/wp-content\/uploads\/2024\/08\/hippodata_Spain_RGB_BG_WHITE-300x212.jpg 300w, https:\/\/hippotechnology.net\/wp-content\/uploads\/2024\/08\/hippodata_Spain_RGB_BG_WHITE.jpg 589w\" sizes=\"auto, (max-width: 157px) 100vw, 157px\" \/><span style=\"color: #000000;\"><img loading=\"lazy\" decoding=\"async\" class=\"alignnone wp-image-131\" src=\"https:\/\/hippotechnology.net\/wp-content\/uploads\/2025\/10\/hippodata_UAE_RGB_BG_WHITE-300x213.png\" alt=\"\" width=\"153\" height=\"109\" srcset=\"https:\/\/hippotechnology.net\/wp-content\/uploads\/2025\/10\/hippodata_UAE_RGB_BG_WHITE-300x213.png 300w, https:\/\/hippotechnology.net\/wp-content\/uploads\/2025\/10\/hippodata_UAE_RGB_BG_WHITE.png 590w\" sizes=\"auto, (max-width: 153px) 100vw, 153px\" \/><\/span><\/p>\n<p style=\"text-align: center;\"><img loading=\"lazy\" decoding=\"async\" class=\"alignnone wp-image-18\" src=\"https:\/\/hippotechnology.net\/wp-content\/uploads\/2020\/11\/hippodata_technology_02_RGB_BG_WHITE-300x131.png\" alt=\"hippo technology logo\" width=\"192\" height=\"84\" srcset=\"https:\/\/hippotechnology.net\/wp-content\/uploads\/2020\/11\/hippodata_technology_02_RGB_BG_WHITE-300x131.png 300w, https:\/\/hippotechnology.net\/wp-content\/uploads\/2020\/11\/hippodata_technology_02_RGB_BG_WHITE.png 613w\" sizes=\"auto, (max-width: 192px) 100vw, 192px\" \/>\u00a0 <img loading=\"lazy\" decoding=\"async\" class=\"alignnone wp-image-126\" src=\"https:\/\/hippotechnology.net\/wp-content\/uploads\/2024\/08\/LogoEQMD-300x82.png\" alt=\"\" width=\"219\" height=\"60\" srcset=\"https:\/\/hippotechnology.net\/wp-content\/uploads\/2024\/08\/LogoEQMD-300x82.png 300w, https:\/\/hippotechnology.net\/wp-content\/uploads\/2024\/08\/LogoEQMD-1024x280.png 1024w, https:\/\/hippotechnology.net\/wp-content\/uploads\/2024\/08\/LogoEQMD-768x210.png 768w, https:\/\/hippotechnology.net\/wp-content\/uploads\/2024\/08\/LogoEQMD-1536x420.png 1536w, https:\/\/hippotechnology.net\/wp-content\/uploads\/2024\/08\/LogoEQMD.png 1920w\" sizes=\"auto, (max-width: 219px) 100vw, 219px\" \/><\/p>\n<p>&nbsp;<\/p>\n<p>&nbsp;<\/p>\n<p>&nbsp;<\/p>\n<p>&nbsp;<\/p>\n","protected":false},"excerpt":{"rendered":"<p>Die hippo technology GmbH entwickelt Hard- und Software f\u00fcr die Sportdatenauswertung.\u00a0 Die Neu- und Weiterentwicklung von IT-Systemen, Zeitmessanlagen und anderen Anlagen f\u00fcr Sportveranstaltungen sowie den dazugeh\u00f6rigen Bereichen ist unsere Passion. &#8230;<\/p>\n","protected":false},"author":1,"featured_media":19,"parent":0,"menu_order":0,"comment_status":"closed","ping_status":"closed","template":"","meta":{"footnotes":""},"class_list":["post-20","page","type-page","status-publish","has-post-thumbnail","hentry"],"yoast_head":"<!-- This site is optimized with the Yoast SEO plugin v26.0 - https:\/\/yoast.com\/wordpress\/plugins\/seo\/ -->\n<title>home - hippo technology GmbH<\/title>\n<meta name=\"robots\" content=\"index, follow, max-snippet:-1, max-image-preview:large, max-video-preview:-1\" \/>\n<link rel=\"canonical\" href=\"https:\/\/hippotechnology.net\/\" \/>\n<meta property=\"og:locale\" content=\"de_DE\" \/>\n<meta property=\"og:type\" content=\"article\" \/>\n<meta property=\"og:title\" content=\"home - hippo technology GmbH\" \/>\n<meta property=\"og:description\" content=\"Die hippo technology GmbH entwickelt Hard- und Software f\u00fcr die Sportdatenauswertung.\u00a0 Die Neu- und Weiterentwicklung von IT-Systemen, Zeitmessanlagen und anderen Anlagen f\u00fcr Sportveranstaltungen sowie den dazugeh\u00f6rigen Bereichen ist unsere Passion. ...\" \/>\n<meta property=\"og:url\" content=\"https:\/\/hippotechnology.net\/\" \/>\n<meta property=\"og:site_name\" content=\"hippo technology GmbH\" \/>\n<meta property=\"article:modified_time\" content=\"2025-10-31T06:58:05+00:00\" \/>\n<meta property=\"og:image\" content=\"https:\/\/hippotechnology.net\/wp-content\/uploads\/2020\/11\/2020-landscape-1-2.png\" \/>\n\t<meta property=\"og:image:width\" content=\"1200\" \/>\n\t<meta property=\"og:image:height\" content=\"769\" \/>\n\t<meta property=\"og:image:type\" content=\"image\/png\" \/>\n<meta name=\"twitter:card\" content=\"summary_large_image\" \/>\n<meta name=\"twitter:label1\" content=\"Gesch\u00e4tzte Lesezeit\" \/>\n\t<meta name=\"twitter:data1\" content=\"3\u00a0Minuten\" \/>\n<script type=\"application\/ld+json\" class=\"yoast-schema-graph\">{\"@context\":\"https:\/\/schema.org\",\"@graph\":[{\"@type\":\"WebPage\",\"@id\":\"https:\/\/hippotechnology.net\/\",\"url\":\"https:\/\/hippotechnology.net\/\",\"name\":\"home - hippo technology GmbH\",\"isPartOf\":{\"@id\":\"https:\/\/hippotechnology.net\/#website\"},\"primaryImageOfPage\":{\"@id\":\"https:\/\/hippotechnology.net\/#primaryimage\"},\"image\":{\"@id\":\"https:\/\/hippotechnology.net\/#primaryimage\"},\"thumbnailUrl\":\"https:\/\/hippotechnology.net\/wp-content\/uploads\/2020\/11\/2020-landscape-1-2.png\",\"datePublished\":\"2020-11-24T18:52:46+00:00\",\"dateModified\":\"2025-10-31T06:58:05+00:00\",\"breadcrumb\":{\"@id\":\"https:\/\/hippotechnology.net\/#breadcrumb\"},\"inLanguage\":\"de\",\"potentialAction\":[{\"@type\":\"ReadAction\",\"target\":[\"https:\/\/hippotechnology.net\/\"]}]},{\"@type\":\"ImageObject\",\"inLanguage\":\"de\",\"@id\":\"https:\/\/hippotechnology.net\/#primaryimage\",\"url\":\"https:\/\/hippotechnology.net\/wp-content\/uploads\/2020\/11\/2020-landscape-1-2.png\",\"contentUrl\":\"https:\/\/hippotechnology.net\/wp-content\/uploads\/2020\/11\/2020-landscape-1-2.png\",\"width\":1200,\"height\":769},{\"@type\":\"BreadcrumbList\",\"@id\":\"https:\/\/hippotechnology.net\/#breadcrumb\",\"itemListElement\":[{\"@type\":\"ListItem\",\"position\":1,\"name\":\"Home\",\"item\":\"https:\/\/hippotechnology.net\/\"},{\"@type\":\"ListItem\",\"position\":2,\"name\":\"home\"}]},{\"@type\":\"WebSite\",\"@id\":\"https:\/\/hippotechnology.net\/#website\",\"url\":\"https:\/\/hippotechnology.net\/\",\"name\":\"hippo technology GmbH\",\"description\":\"\",\"publisher\":{\"@id\":\"https:\/\/hippotechnology.net\/#organization\"},\"potentialAction\":[{\"@type\":\"SearchAction\",\"target\":{\"@type\":\"EntryPoint\",\"urlTemplate\":\"https:\/\/hippotechnology.net\/?s={search_term_string}\"},\"query-input\":{\"@type\":\"PropertyValueSpecification\",\"valueRequired\":true,\"valueName\":\"search_term_string\"}}],\"inLanguage\":\"de\"},{\"@type\":\"Organization\",\"@id\":\"https:\/\/hippotechnology.net\/#organization\",\"name\":\"hippo technology GmbH\",\"url\":\"https:\/\/hippotechnology.net\/\",\"logo\":{\"@type\":\"ImageObject\",\"inLanguage\":\"de\",\"@id\":\"https:\/\/hippotechnology.net\/#\/schema\/logo\/image\/\",\"url\":\"https:\/\/hippotechnology.net\/wp-content\/uploads\/2020\/11\/cropped-hippodata_technology_02_RGB_BG_WHITE-1.png\",\"contentUrl\":\"https:\/\/hippotechnology.net\/wp-content\/uploads\/2020\/11\/cropped-hippodata_technology_02_RGB_BG_WHITE-1.png\",\"width\":613,\"height\":230,\"caption\":\"hippo technology GmbH\"},\"image\":{\"@id\":\"https:\/\/hippotechnology.net\/#\/schema\/logo\/image\/\"}}]}<\/script>\n<!-- \/ Yoast SEO plugin. -->","yoast_head_json":{"title":"home - hippo technology GmbH","robots":{"index":"index","follow":"follow","max-snippet":"max-snippet:-1","max-image-preview":"max-image-preview:large","max-video-preview":"max-video-preview:-1"},"canonical":"https:\/\/hippotechnology.net\/","og_locale":"de_DE","og_type":"article","og_title":"home - hippo technology GmbH","og_description":"Die hippo technology GmbH entwickelt Hard- und Software f\u00fcr die Sportdatenauswertung.\u00a0 Die Neu- und Weiterentwicklung von IT-Systemen, Zeitmessanlagen und anderen Anlagen f\u00fcr Sportveranstaltungen sowie den dazugeh\u00f6rigen Bereichen ist unsere Passion. ...","og_url":"https:\/\/hippotechnology.net\/","og_site_name":"hippo technology GmbH","article_modified_time":"2025-10-31T06:58:05+00:00","og_image":[{"width":1200,"height":769,"url":"https:\/\/hippotechnology.net\/wp-content\/uploads\/2020\/11\/2020-landscape-1-2.png","type":"image\/png"}],"twitter_card":"summary_large_image","twitter_misc":{"Gesch\u00e4tzte Lesezeit":"3\u00a0Minuten"},"schema":{"@context":"https:\/\/schema.org","@graph":[{"@type":"WebPage","@id":"https:\/\/hippotechnology.net\/","url":"https:\/\/hippotechnology.net\/","name":"home - hippo technology GmbH","isPartOf":{"@id":"https:\/\/hippotechnology.net\/#website"},"primaryImageOfPage":{"@id":"https:\/\/hippotechnology.net\/#primaryimage"},"image":{"@id":"https:\/\/hippotechnology.net\/#primaryimage"},"thumbnailUrl":"https:\/\/hippotechnology.net\/wp-content\/uploads\/2020\/11\/2020-landscape-1-2.png","datePublished":"2020-11-24T18:52:46+00:00","dateModified":"2025-10-31T06:58:05+00:00","breadcrumb":{"@id":"https:\/\/hippotechnology.net\/#breadcrumb"},"inLanguage":"de","potentialAction":[{"@type":"ReadAction","target":["https:\/\/hippotechnology.net\/"]}]},{"@type":"ImageObject","inLanguage":"de","@id":"https:\/\/hippotechnology.net\/#primaryimage","url":"https:\/\/hippotechnology.net\/wp-content\/uploads\/2020\/11\/2020-landscape-1-2.png","contentUrl":"https:\/\/hippotechnology.net\/wp-content\/uploads\/2020\/11\/2020-landscape-1-2.png","width":1200,"height":769},{"@type":"BreadcrumbList","@id":"https:\/\/hippotechnology.net\/#breadcrumb","itemListElement":[{"@type":"ListItem","position":1,"name":"Home","item":"https:\/\/hippotechnology.net\/"},{"@type":"ListItem","position":2,"name":"home"}]},{"@type":"WebSite","@id":"https:\/\/hippotechnology.net\/#website","url":"https:\/\/hippotechnology.net\/","name":"hippo technology GmbH","description":"","publisher":{"@id":"https:\/\/hippotechnology.net\/#organization"},"potentialAction":[{"@type":"SearchAction","target":{"@type":"EntryPoint","urlTemplate":"https:\/\/hippotechnology.net\/?s={search_term_string}"},"query-input":{"@type":"PropertyValueSpecification","valueRequired":true,"valueName":"search_term_string"}}],"inLanguage":"de"},{"@type":"Organization","@id":"https:\/\/hippotechnology.net\/#organization","name":"hippo technology GmbH","url":"https:\/\/hippotechnology.net\/","logo":{"@type":"ImageObject","inLanguage":"de","@id":"https:\/\/hippotechnology.net\/#\/schema\/logo\/image\/","url":"https:\/\/hippotechnology.net\/wp-content\/uploads\/2020\/11\/cropped-hippodata_technology_02_RGB_BG_WHITE-1.png","contentUrl":"https:\/\/hippotechnology.net\/wp-content\/uploads\/2020\/11\/cropped-hippodata_technology_02_RGB_BG_WHITE-1.png","width":613,"height":230,"caption":"hippo technology GmbH"},"image":{"@id":"https:\/\/hippotechnology.net\/#\/schema\/logo\/image\/"}}]}},"_links":{"self":[{"href":"https:\/\/hippotechnology.net\/index.php\/wp-json\/wp\/v2\/pages\/20","targetHints":{"allow":["GET"]}}],"collection":[{"href":"https:\/\/hippotechnology.net\/index.php\/wp-json\/wp\/v2\/pages"}],"about":[{"href":"https:\/\/hippotechnology.net\/index.php\/wp-json\/wp\/v2\/types\/page"}],"author":[{"embeddable":true,"href":"https:\/\/hippotechnology.net\/index.php\/wp-json\/wp\/v2\/users\/1"}],"replies":[{"embeddable":true,"href":"https:\/\/hippotechnology.net\/index.php\/wp-json\/wp\/v2\/comments?post=20"}],"version-history":[{"count":14,"href":"https:\/\/hippotechnology.net\/index.php\/wp-json\/wp\/v2\/pages\/20\/revisions"}],"predecessor-version":[{"id":132,"href":"https:\/\/hippotechnology.net\/index.php\/wp-json\/wp\/v2\/pages\/20\/revisions\/132"}],"wp:featuredmedia":[{"embeddable":true,"href":"https:\/\/hippotechnology.net\/index.php\/wp-json\/wp\/v2\/media\/19"}],"wp:attachment":[{"href":"https:\/\/hippotechnology.net\/index.php\/wp-json\/wp\/v2\/media?parent=20"}],"curies":[{"name":"wp","href":"https:\/\/api.w.org\/{rel}","templated":true}]}}